{"id":284,"date":"2024-07-10T21:43:07","date_gmt":"2024-07-10T21:43:07","guid":{"rendered":"http:\/\/sterngasthaus.at\/?page_id=284"},"modified":"2025-04-11T09:12:24","modified_gmt":"2025-04-11T09:12:24","slug":"home","status":"publish","type":"page","link":"http:\/\/sterngasthaus.at\/","title":{"rendered":"Startseite"},"content":{"rendered":"\t\t<div data-elementor-type=\"wp-page\" data-elementor-id=\"284\" class=\"elementor elementor-284\" data-elementor-post-type=\"page\">\n\t\t\t\t<div class=\"elementor-element elementor-element-5e41729c e-flex e-con-boxed e-con e-parent\" data-id=\"5e41729c\" data-element_type=\"container\" data-settings=\"{&quot;background_background&quot;:&quot;classic&quot;}\">\n\t\t\t\t\t<div class=\"e-con-inner\">\n\t\t\t\t<div class=\"elementor-element elementor-element-1d349fa0 elementor-widget__width-initial elementor-widget elementor-widget-heading\" data-id=\"1d349fa0\" data-element_type=\"widget\" data-widget_type=\"heading.default\">\n\t\t\t\t<div class=\"elementor-widget-container\">\n\t\t\t\t\t<h1 class=\"elementor-heading-title elementor-size-default\">Willkommen bei Gasthaus Stern<\/h1>\t\t\t\t<\/div>\n\t\t\t\t<\/div>\n\t\t\t\t<div class=\"elementor-element elementor-element-e7fd88b elementor-widget elementor-widget-shortcode\" data-id=\"e7fd88b\" data-element_type=\"widget\" data-widget_type=\"shortcode.default\">\n\t\t\t\t<div class=\"elementor-widget-container\">\n\t\t\t\t\t\t\t<div class=\"elementor-shortcode\"><script data-resmio-button=\"gasthaus-stern\"\n  data-resmio-fontSize=\"18px\"\n  data-resmio-fontColor=\"%23FFFFFF\"\n  data-resmio-buttonText=\"Jetzt%20reservieren\"\n  data-resmio-borderColor=\"%23FFFFFF\"\n  data-resmio-borderWidth=\"0\"\n  data-resmio-buttonColor=\"%23141414\"\n  data-resmio-borderRadius=\"5\"\n  data-resmio-buttonShadow=\"false\"\n\n  data-resmio-widget-id=\"gasthaus-stern\"\n  data-resmio-widget-color=\"%23555555\"\n  data-resmio-widget-style=\"\"\n  data-resmio-widget-width=\"330\"\n  data-resmio-widget-height=\"460\"\n  data-resmio-widget-fontSize=\"14px\"\n  data-resmio-widget-showLogo=\"false\"\n  data-resmio-widget-borderRadius=\"10\"\n  data-resmio-widget-facebookLogin=\"true\"\n  data-resmio-widget-backgroundColor=\"%23ffffff\"\n  data-resmio-widget-disableBranding=\"false\"\n  data-resmio-widget-commentsDisabled=\"false\"\n  data-resmio-widget-newsletterSignup=\"true\"\n  data-resmio-widget-linkBackgroundColor=\"%2307a7c4\"\n>\n  (function(d, s) {\n    var js, rjs = d.getElementsByTagName(s)[0];\n    js = d.createElement(s);\n    js.src = \"\/\/static.resmio.com\/static\/de\/button.js\";\n    js.async = true;\n   rjs.parentNode.insertBefore(js, rjs); }(document, \"script\")\n  );\n<\/script><\/div>\n\t\t\t\t\t\t<\/div>\n\t\t\t\t<\/div>\n\t\t\t\t\t<\/div>\n\t\t\t\t<\/div>\n\t\t<div class=\"elementor-element elementor-element-b43a2d2 e-flex e-con-boxed e-con e-parent\" data-id=\"b43a2d2\" data-element_type=\"container\">\n\t\t\t\t\t<div class=\"e-con-inner\">\n\t\t\t\t<div class=\"elementor-element elementor-element-4ecffaf elementor-widget elementor-widget-spacer\" data-id=\"4ecffaf\" data-element_type=\"widget\" data-widget_type=\"spacer.default\">\n\t\t\t\t<div class=\"elementor-widget-container\">\n\t\t\t\t\t\t\t<div class=\"elementor-spacer\">\n\t\t\t<div class=\"elementor-spacer-inner\"><\/div>\n\t\t<\/div>\n\t\t\t\t\t\t<\/div>\n\t\t\t\t<\/div>\n\t\t\t\t\t<\/div>\n\t\t\t\t<\/div>\n\t\t<div class=\"elementor-element elementor-element-bb9d1f9 e-con-full e-flex e-con e-parent\" data-id=\"bb9d1f9\" data-element_type=\"container\">\n\t\t<div class=\"elementor-element elementor-element-b383453 e-con-full e-flex e-con e-child\" data-id=\"b383453\" data-element_type=\"container\">\n\t\t\t\t<div class=\"elementor-element elementor-element-9c61731 elementor-widget elementor-widget-counter\" data-id=\"9c61731\" data-element_type=\"widget\" data-widget_type=\"counter.default\">\n\t\t\t\t<div class=\"elementor-widget-container\">\n\t\t\t\t\t\t\t<div class=\"elementor-counter\">\n\t\t\t<div class=\"elementor-counter-title\">Sitzpl\u00e4tze drinnen<\/div>\t\t\t<div class=\"elementor-counter-number-wrapper\">\n\t\t\t\t<span class=\"elementor-counter-number-prefix\"><\/span>\n\t\t\t\t<span class=\"elementor-counter-number\" data-duration=\"3000\" data-to-value=\"120\" data-from-value=\"0\" data-delimiter=\",\">0<\/span>\n\t\t\t\t<span class=\"elementor-counter-number-suffix\"><\/span>\n\t\t\t<\/div>\n\t\t<\/div>\n\t\t\t\t\t\t<\/div>\n\t\t\t\t<\/div>\n\t\t\t\t<\/div>\n\t\t<div class=\"elementor-element elementor-element-85f2c51 e-con-full e-flex e-con e-child\" data-id=\"85f2c51\" data-element_type=\"container\">\n\t\t\t\t<div class=\"elementor-element elementor-element-c11afaf elementor-widget elementor-widget-counter\" data-id=\"c11afaf\" data-element_type=\"widget\" data-widget_type=\"counter.default\">\n\t\t\t\t<div class=\"elementor-widget-container\">\n\t\t\t\t\t\t\t<div class=\"elementor-counter\">\n\t\t\t<div class=\"elementor-counter-title\">Sitzpl\u00e4tze draussen<\/div>\t\t\t<div class=\"elementor-counter-number-wrapper\">\n\t\t\t\t<span class=\"elementor-counter-number-prefix\"><\/span>\n\t\t\t\t<span class=\"elementor-counter-number\" data-duration=\"2000\" data-to-value=\"100\" data-from-value=\"0\" data-delimiter=\",\">0<\/span>\n\t\t\t\t<span class=\"elementor-counter-number-suffix\"><\/span>\n\t\t\t<\/div>\n\t\t<\/div>\n\t\t\t\t\t\t<\/div>\n\t\t\t\t<\/div>\n\t\t\t\t<\/div>\n\t\t<div class=\"elementor-element elementor-element-10c4a5f e-con-full e-flex e-con e-child\" data-id=\"10c4a5f\" data-element_type=\"container\">\n\t\t\t\t<div class=\"elementor-element elementor-element-ad50604 elementor-widget elementor-widget-counter\" data-id=\"ad50604\" data-element_type=\"widget\" data-widget_type=\"counter.default\">\n\t\t\t\t<div class=\"elementor-widget-container\">\n\t\t\t\t\t\t\t<div class=\"elementor-counter\">\n\t\t\t<div class=\"elementor-counter-title\">raucher Pl\u00e4tze<\/div>\t\t\t<div class=\"elementor-counter-number-wrapper\">\n\t\t\t\t<span class=\"elementor-counter-number-prefix\"><\/span>\n\t\t\t\t<span class=\"elementor-counter-number\" data-duration=\"2000\" data-to-value=\"100\" data-from-value=\"0\" data-delimiter=\",\">0<\/span>\n\t\t\t\t<span class=\"elementor-counter-number-suffix\"><\/span>\n\t\t\t<\/div>\n\t\t<\/div>\n\t\t\t\t\t\t<\/div>\n\t\t\t\t<\/div>\n\t\t\t\t<\/div>\n\t\t\t\t<\/div>\n\t\t<div class=\"elementor-element elementor-element-0daeaf5 e-flex e-con-boxed e-con e-parent\" data-id=\"0daeaf5\" data-element_type=\"container\">\n\t\t\t\t\t<div class=\"e-con-inner\">\n\t\t\t\t<div class=\"elementor-element elementor-element-7dcffba elementor-widget elementor-widget-spacer\" data-id=\"7dcffba\" data-element_type=\"widget\" data-widget_type=\"spacer.default\">\n\t\t\t\t<div class=\"elementor-widget-container\">\n\t\t\t\t\t\t\t<div class=\"elementor-spacer\">\n\t\t\t<div class=\"elementor-spacer-inner\"><\/div>\n\t\t<\/div>\n\t\t\t\t\t\t<\/div>\n\t\t\t\t<\/div>\n\t\t\t\t\t<\/div>\n\t\t\t\t<\/div>\n\t\t<div class=\"elementor-element elementor-element-5c49075 e-flex e-con-boxed e-con e-parent\" data-id=\"5c49075\" data-element_type=\"container\">\n\t\t\t\t\t<div class=\"e-con-inner\">\n\t\t\t\t<div class=\"elementor-element elementor-element-7f8e3a0 elementor-widget elementor-widget-text-editor\" data-id=\"7f8e3a0\" data-element_type=\"widget\" data-settings=\"{&quot;motion_fx_motion_fx_scrolling&quot;:&quot;yes&quot;,&quot;motion_fx_opacity_effect&quot;:&quot;yes&quot;,&quot;motion_fx_opacity_direction&quot;:&quot;out-in-out&quot;,&quot;motion_fx_blur_effect&quot;:&quot;yes&quot;,&quot;motion_fx_blur_level&quot;:{&quot;unit&quot;:&quot;px&quot;,&quot;size&quot;:8,&quot;sizes&quot;:[]},&quot;motion_fx_blur_range&quot;:{&quot;unit&quot;:&quot;%&quot;,&quot;size&quot;:&quot;&quot;,&quot;sizes&quot;:{&quot;start&quot;:20,&quot;end&quot;:42}},&quot;motion_fx_opacity_level&quot;:{&quot;unit&quot;:&quot;px&quot;,&quot;size&quot;:10,&quot;sizes&quot;:[]},&quot;motion_fx_opacity_range&quot;:{&quot;unit&quot;:&quot;%&quot;,&quot;size&quot;:&quot;&quot;,&quot;sizes&quot;:{&quot;start&quot;:20,&quot;end&quot;:80}},&quot;motion_fx_blur_direction&quot;:&quot;out-in&quot;,&quot;motion_fx_devices&quot;:[&quot;desktop&quot;,&quot;tablet&quot;,&quot;mobile&quot;]}\" data-widget_type=\"text-editor.default\">\n\t\t\t\t<div class=\"elementor-widget-container\">\n\t\t\t\t\t\t\t\t\t<div class=\"flex max-w-full flex-col flex-grow\"><div class=\"min-h-[20px] text-message flex w-full flex-col items-end gap-2 break-words [.text-message+&amp;]:mt-5 overflow-x-auto whitespace-normal\" dir=\"auto\" data-message-author-role=\"assistant\" data-message-id=\"cb589681-903a-4a08-a428-8cd774324053\"><div class=\"flex w-full flex-col gap-1 empty:hidden first:pt-[3px]\"><div class=\"markdown prose w-full break-words dark:prose-invert light\"><p>Willkommen in Wolfurt, einem charmanten Dorf im Herzen Vorarlbergs. Unser Restaurant liegt im Zentrum und bietet Ihnen die perfekte Gelegenheit, regionale K\u00f6stlichkeiten zu genie\u00dfen. W\u00e4hrend Sie die Atmosph\u00e4re von Wolfurt erleben, laden wir Sie ein, sich bei uns kulinarisch verw\u00f6hnen zu lassen. Erleben Sie authentische Vorarlberger Gastfreundschaft direkt in Ihrem Dorf.<\/p><\/div><\/div><\/div><\/div>\t\t\t\t\t\t\t\t<\/div>\n\t\t\t\t<\/div>\n\t\t\t\t<div class=\"elementor-element elementor-element-6b9806b elementor-widget elementor-widget-spacer\" data-id=\"6b9806b\" data-element_type=\"widget\" data-widget_type=\"spacer.default\">\n\t\t\t\t<div class=\"elementor-widget-container\">\n\t\t\t\t\t\t\t<div class=\"elementor-spacer\">\n\t\t\t<div class=\"elementor-spacer-inner\"><\/div>\n\t\t<\/div>\n\t\t\t\t\t\t<\/div>\n\t\t\t\t<\/div>\n\t\t\t\t\t<\/div>\n\t\t\t\t<\/div>\n\t\t<div class=\"elementor-element elementor-element-3d69f1e e-con-full e-flex e-con e-parent\" data-id=\"3d69f1e\" data-element_type=\"container\" data-settings=\"{&quot;background_background&quot;:&quot;classic&quot;}\">\n\t\t\t\t<\/div>\n\t\t<div class=\"elementor-element elementor-element-66e5dd6 e-flex e-con-boxed e-con e-parent\" data-id=\"66e5dd6\" data-element_type=\"container\">\n\t\t\t\t\t<div class=\"e-con-inner\">\n\t\t\t\t<div class=\"elementor-element elementor-element-4036d04 elementor-widget elementor-widget-spacer\" data-id=\"4036d04\" data-element_type=\"widget\" data-widget_type=\"spacer.default\">\n\t\t\t\t<div class=\"elementor-widget-container\">\n\t\t\t\t\t\t\t<div class=\"elementor-spacer\">\n\t\t\t<div class=\"elementor-spacer-inner\"><\/div>\n\t\t<\/div>\n\t\t\t\t\t\t<\/div>\n\t\t\t\t<\/div>\n\t\t\t\t\t<\/div>\n\t\t\t\t<\/div>\n\t\t<div class=\"elementor-element elementor-element-6dcd3b2 e-flex e-con-boxed e-con e-parent\" data-id=\"6dcd3b2\" data-element_type=\"container\">\n\t\t\t\t\t<div class=\"e-con-inner\">\n\t\t\t\t<div class=\"elementor-element elementor-element-67d5938 elementor-widget elementor-widget-text-editor\" data-id=\"67d5938\" data-element_type=\"widget\" data-settings=\"{&quot;motion_fx_motion_fx_scrolling&quot;:&quot;yes&quot;,&quot;motion_fx_opacity_effect&quot;:&quot;yes&quot;,&quot;motion_fx_opacity_direction&quot;:&quot;out-in-out&quot;,&quot;motion_fx_blur_effect&quot;:&quot;yes&quot;,&quot;motion_fx_blur_level&quot;:{&quot;unit&quot;:&quot;px&quot;,&quot;size&quot;:9,&quot;sizes&quot;:[]},&quot;motion_fx_blur_range&quot;:{&quot;unit&quot;:&quot;%&quot;,&quot;size&quot;:&quot;&quot;,&quot;sizes&quot;:{&quot;start&quot;:20,&quot;end&quot;:42}},&quot;motion_fx_opacity_level&quot;:{&quot;unit&quot;:&quot;px&quot;,&quot;size&quot;:10,&quot;sizes&quot;:[]},&quot;motion_fx_opacity_range&quot;:{&quot;unit&quot;:&quot;%&quot;,&quot;size&quot;:&quot;&quot;,&quot;sizes&quot;:{&quot;start&quot;:20,&quot;end&quot;:80}},&quot;motion_fx_blur_direction&quot;:&quot;out-in&quot;,&quot;motion_fx_devices&quot;:[&quot;desktop&quot;,&quot;tablet&quot;,&quot;mobile&quot;]}\" data-widget_type=\"text-editor.default\">\n\t\t\t\t<div class=\"elementor-widget-container\">\n\t\t\t\t\t\t\t\t\t<div class=\"mt-1 flex gap-3 empty:hidden -ml-2\"><div class=\"items-center justify-start rounded-xl p-1 flex\"><div class=\"flex items-center\">\u00a0<\/div><\/div><\/div><div class=\"flex max-w-full flex-col flex-grow\"><div class=\"min-h-[20px] text-message flex w-full flex-col items-end gap-2 whitespace-pre-wrap break-words [.text-message+&amp;]:mt-5 overflow-x-auto\" dir=\"auto\" data-message-author-role=\"assistant\" data-message-id=\"32501479-5b2e-4591-91ce-aaac5cb011e0\"><div class=\"flex w-full flex-col gap-1 empty:hidden first:pt-[3px]\"><div class=\"markdown prose w-full break-words dark:prose-invert light\"><p>Genie\u00dfen Sie bei uns gutb\u00fcrgerliche K\u00fcche mit regionalen Zutaten und viel Liebe zum Detail. Ob ein gem\u00fctliches Abendessen, ein Treffen mit Freunden oder ein besonderer Anlass \u2013 wir bieten Ihnen in unserem neu er\u00f6ffneten Restaurant eine warme Atmosph\u00e4re und erstklassigen Service. Lassen Sie sich von traditionellen und modernen Gerichten verw\u00f6hnen und erleben Sie die Vielfalt der Vorarlberger K\u00fcche. Wir freuen uns auf Ihren Besuch!<\/p><\/div><\/div><\/div><\/div>\t\t\t\t\t\t\t\t<\/div>\n\t\t\t\t<\/div>\n\t\t\t\t<div class=\"elementor-element elementor-element-c781a71 elementor-widget elementor-widget-spacer\" data-id=\"c781a71\" data-element_type=\"widget\" data-widget_type=\"spacer.default\">\n\t\t\t\t<div class=\"elementor-widget-container\">\n\t\t\t\t\t\t\t<div class=\"elementor-spacer\">\n\t\t\t<div class=\"elementor-spacer-inner\"><\/div>\n\t\t<\/div>\n\t\t\t\t\t\t<\/div>\n\t\t\t\t<\/div>\n\t\t\t\t\t<\/div>\n\t\t\t\t<\/div>\n\t\t\t\t<\/div>\n\t\t","protected":false},"excerpt":{"rendered":"<p>Willkommen bei Gasthaus Stern Sitzpl\u00e4tze drinnen 0 Sitzpl\u00e4tze draussen 0 raucher Pl\u00e4tze 0 Willkommen in Wolfurt, einem charmanten Dorf im Herzen Vorarlbergs. Unser Restaurant liegt im Zentrum und bietet Ihnen die perfekte Gelegenheit, regionale K\u00f6stlichkeiten zu genie\u00dfen. W\u00e4hrend Sie die Atmosph\u00e4re von Wolfurt erleben, laden wir Sie ein, sich bei uns kulinarisch verw\u00f6hnen zu lassen. [&hellip;]<\/p>\n","protected":false},"author":1,"featured_media":294,"parent":0,"menu_order":0,"comment_status":"closed","ping_status":"closed","template":"elementor_theme","meta":{"footnotes":""},"class_list":["post-284","page","type-page","status-publish","has-post-thumbnail","hentry"],"yoast_head":"<!-- This site is optimized with the Yoast SEO plugin v24.7 - https:\/\/yoast.com\/wordpress\/plugins\/seo\/ -->\n<title>Startseite - Gasthaus Stern<\/title>\n<meta name=\"robots\" content=\"index, follow, max-snippet:-1, max-image-preview:large, max-video-preview:-1\" \/>\n<link rel=\"canonical\" href=\"http:\/\/sterngasthaus.at\/\" \/>\n<meta property=\"og:locale\" content=\"de_DE\" \/>\n<meta property=\"og:type\" content=\"article\" \/>\n<meta property=\"og:title\" content=\"Startseite - Gasthaus Stern\" \/>\n<meta property=\"og:description\" content=\"Willkommen bei Gasthaus Stern Sitzpl\u00e4tze drinnen 0 Sitzpl\u00e4tze draussen 0 raucher Pl\u00e4tze 0 Willkommen in Wolfurt, einem charmanten Dorf im Herzen Vorarlbergs. Unser Restaurant liegt im Zentrum und bietet Ihnen die perfekte Gelegenheit, regionale K\u00f6stlichkeiten zu genie\u00dfen. W\u00e4hrend Sie die Atmosph\u00e4re von Wolfurt erleben, laden wir Sie ein, sich bei uns kulinarisch verw\u00f6hnen zu lassen. [&hellip;]\" \/>\n<meta property=\"og:url\" content=\"http:\/\/sterngasthaus.at\/\" \/>\n<meta property=\"og:site_name\" content=\"Gasthaus Stern\" \/>\n<meta property=\"article:modified_time\" content=\"2025-04-11T09:12:24+00:00\" \/>\n<meta property=\"og:image\" content=\"http:\/\/sterngasthaus.at\/wp-content\/uploads\/2024\/07\/Painting-Company-Home.jpg\" \/>\n\t<meta property=\"og:image:width\" content=\"400\" \/>\n\t<meta property=\"og:image:height\" content=\"380\" \/>\n\t<meta property=\"og:image:type\" content=\"image\/jpeg\" \/>\n<meta name=\"twitter:card\" content=\"summary_large_image\" \/>\n<meta name=\"twitter:label1\" content=\"Gesch\u00e4tzte Lesezeit\" \/>\n\t<meta name=\"twitter:data1\" content=\"1\u00a0Minute\" \/>\n<script type=\"application\/ld+json\" class=\"yoast-schema-graph\">{\"@context\":\"https:\/\/schema.org\",\"@graph\":[{\"@type\":\"WebPage\",\"@id\":\"http:\/\/sterngasthaus.at\/\",\"url\":\"http:\/\/sterngasthaus.at\/\",\"name\":\"Startseite - Gasthaus Stern\",\"isPartOf\":{\"@id\":\"http:\/\/sterngasthaus.at\/#website\"},\"primaryImageOfPage\":{\"@id\":\"http:\/\/sterngasthaus.at\/#primaryimage\"},\"image\":{\"@id\":\"http:\/\/sterngasthaus.at\/#primaryimage\"},\"thumbnailUrl\":\"http:\/\/sterngasthaus.at\/wp-content\/uploads\/2024\/07\/Painting-Company-Home.jpg\",\"datePublished\":\"2024-07-10T21:43:07+00:00\",\"dateModified\":\"2025-04-11T09:12:24+00:00\",\"breadcrumb\":{\"@id\":\"http:\/\/sterngasthaus.at\/#breadcrumb\"},\"inLanguage\":\"de\",\"potentialAction\":[{\"@type\":\"ReadAction\",\"target\":[\"http:\/\/sterngasthaus.at\/\"]}]},{\"@type\":\"ImageObject\",\"inLanguage\":\"de\",\"@id\":\"http:\/\/sterngasthaus.at\/#primaryimage\",\"url\":\"http:\/\/sterngasthaus.at\/wp-content\/uploads\/2024\/07\/Painting-Company-Home.jpg\",\"contentUrl\":\"http:\/\/sterngasthaus.at\/wp-content\/uploads\/2024\/07\/Painting-Company-Home.jpg\",\"width\":400,\"height\":380},{\"@type\":\"BreadcrumbList\",\"@id\":\"http:\/\/sterngasthaus.at\/#breadcrumb\",\"itemListElement\":[{\"@type\":\"ListItem\",\"position\":1,\"name\":\"Startseite\",\"item\":\"http:\/\/sterngasthaus.at\/\"},{\"@type\":\"ListItem\",\"position\":2,\"name\":\"Startseite\"}]},{\"@type\":\"WebSite\",\"@id\":\"http:\/\/sterngasthaus.at\/#website\",\"url\":\"http:\/\/sterngasthaus.at\/\",\"name\":\"Gasthaus Stern\",\"description\":\"Restaurant mit Klasse\",\"publisher\":{\"@id\":\"http:\/\/sterngasthaus.at\/#organization\"},\"potentialAction\":[{\"@type\":\"SearchAction\",\"target\":{\"@type\":\"EntryPoint\",\"urlTemplate\":\"http:\/\/sterngasthaus.at\/?s={search_term_string}\"},\"query-input\":{\"@type\":\"PropertyValueSpecification\",\"valueRequired\":true,\"valueName\":\"search_term_string\"}}],\"inLanguage\":\"de\"},{\"@type\":\"Organization\",\"@id\":\"http:\/\/sterngasthaus.at\/#organization\",\"name\":\"Gasthaus Stern\",\"url\":\"http:\/\/sterngasthaus.at\/\",\"logo\":{\"@type\":\"ImageObject\",\"inLanguage\":\"de\",\"@id\":\"http:\/\/sterngasthaus.at\/#\/schema\/logo\/image\/\",\"url\":\"http:\/\/sterngasthaus.at\/wp-content\/uploads\/2024\/07\/Profilbild_350px.png\",\"contentUrl\":\"http:\/\/sterngasthaus.at\/wp-content\/uploads\/2024\/07\/Profilbild_350px.png\",\"width\":350,\"height\":100,\"caption\":\"Gasthaus Stern\"},\"image\":{\"@id\":\"http:\/\/sterngasthaus.at\/#\/schema\/logo\/image\/\"}}]}<\/script>\n<!-- \/ Yoast SEO plugin. -->","yoast_head_json":{"title":"Startseite - Gasthaus Stern","robots":{"index":"index","follow":"follow","max-snippet":"max-snippet:-1","max-image-preview":"max-image-preview:large","max-video-preview":"max-video-preview:-1"},"canonical":"http:\/\/sterngasthaus.at\/","og_locale":"de_DE","og_type":"article","og_title":"Startseite - Gasthaus Stern","og_description":"Willkommen bei Gasthaus Stern Sitzpl\u00e4tze drinnen 0 Sitzpl\u00e4tze draussen 0 raucher Pl\u00e4tze 0 Willkommen in Wolfurt, einem charmanten Dorf im Herzen Vorarlbergs. Unser Restaurant liegt im Zentrum und bietet Ihnen die perfekte Gelegenheit, regionale K\u00f6stlichkeiten zu genie\u00dfen. W\u00e4hrend Sie die Atmosph\u00e4re von Wolfurt erleben, laden wir Sie ein, sich bei uns kulinarisch verw\u00f6hnen zu lassen. [&hellip;]","og_url":"http:\/\/sterngasthaus.at\/","og_site_name":"Gasthaus Stern","article_modified_time":"2025-04-11T09:12:24+00:00","og_image":[{"width":400,"height":380,"url":"http:\/\/sterngasthaus.at\/wp-content\/uploads\/2024\/07\/Painting-Company-Home.jpg","type":"image\/jpeg"}],"twitter_card":"summary_large_image","twitter_misc":{"Gesch\u00e4tzte Lesezeit":"1\u00a0Minute"},"schema":{"@context":"https:\/\/schema.org","@graph":[{"@type":"WebPage","@id":"http:\/\/sterngasthaus.at\/","url":"http:\/\/sterngasthaus.at\/","name":"Startseite - Gasthaus Stern","isPartOf":{"@id":"http:\/\/sterngasthaus.at\/#website"},"primaryImageOfPage":{"@id":"http:\/\/sterngasthaus.at\/#primaryimage"},"image":{"@id":"http:\/\/sterngasthaus.at\/#primaryimage"},"thumbnailUrl":"http:\/\/sterngasthaus.at\/wp-content\/uploads\/2024\/07\/Painting-Company-Home.jpg","datePublished":"2024-07-10T21:43:07+00:00","dateModified":"2025-04-11T09:12:24+00:00","breadcrumb":{"@id":"http:\/\/sterngasthaus.at\/#breadcrumb"},"inLanguage":"de","potentialAction":[{"@type":"ReadAction","target":["http:\/\/sterngasthaus.at\/"]}]},{"@type":"ImageObject","inLanguage":"de","@id":"http:\/\/sterngasthaus.at\/#primaryimage","url":"http:\/\/sterngasthaus.at\/wp-content\/uploads\/2024\/07\/Painting-Company-Home.jpg","contentUrl":"http:\/\/sterngasthaus.at\/wp-content\/uploads\/2024\/07\/Painting-Company-Home.jpg","width":400,"height":380},{"@type":"BreadcrumbList","@id":"http:\/\/sterngasthaus.at\/#breadcrumb","itemListElement":[{"@type":"ListItem","position":1,"name":"Startseite","item":"http:\/\/sterngasthaus.at\/"},{"@type":"ListItem","position":2,"name":"Startseite"}]},{"@type":"WebSite","@id":"http:\/\/sterngasthaus.at\/#website","url":"http:\/\/sterngasthaus.at\/","name":"Gasthaus Stern","description":"Restaurant mit Klasse","publisher":{"@id":"http:\/\/sterngasthaus.at\/#organization"},"potentialAction":[{"@type":"SearchAction","target":{"@type":"EntryPoint","urlTemplate":"http:\/\/sterngasthaus.at\/?s={search_term_string}"},"query-input":{"@type":"PropertyValueSpecification","valueRequired":true,"valueName":"search_term_string"}}],"inLanguage":"de"},{"@type":"Organization","@id":"http:\/\/sterngasthaus.at\/#organization","name":"Gasthaus Stern","url":"http:\/\/sterngasthaus.at\/","logo":{"@type":"ImageObject","inLanguage":"de","@id":"http:\/\/sterngasthaus.at\/#\/schema\/logo\/image\/","url":"http:\/\/sterngasthaus.at\/wp-content\/uploads\/2024\/07\/Profilbild_350px.png","contentUrl":"http:\/\/sterngasthaus.at\/wp-content\/uploads\/2024\/07\/Profilbild_350px.png","width":350,"height":100,"caption":"Gasthaus Stern"},"image":{"@id":"http:\/\/sterngasthaus.at\/#\/schema\/logo\/image\/"}}]}},"_links":{"self":[{"href":"http:\/\/sterngasthaus.at\/index.php?rest_route=\/wp\/v2\/pages\/284","targetHints":{"allow":["GET"]}}],"collection":[{"href":"http:\/\/sterngasthaus.at\/index.php?rest_route=\/wp\/v2\/pages"}],"about":[{"href":"http:\/\/sterngasthaus.at\/index.php?rest_route=\/wp\/v2\/types\/page"}],"author":[{"embeddable":true,"href":"http:\/\/sterngasthaus.at\/index.php?rest_route=\/wp\/v2\/users\/1"}],"replies":[{"embeddable":true,"href":"http:\/\/sterngasthaus.at\/index.php?rest_route=%2Fwp%2Fv2%2Fcomments&post=284"}],"version-history":[{"count":254,"href":"http:\/\/sterngasthaus.at\/index.php?rest_route=\/wp\/v2\/pages\/284\/revisions"}],"predecessor-version":[{"id":1938,"href":"http:\/\/sterngasthaus.at\/index.php?rest_route=\/wp\/v2\/pages\/284\/revisions\/1938"}],"wp:featuredmedia":[{"embeddable":true,"href":"http:\/\/sterngasthaus.at\/index.php?rest_route=\/wp\/v2\/media\/294"}],"wp:attachment":[{"href":"http:\/\/sterngasthaus.at\/index.php?rest_route=%2Fwp%2Fv2%2Fmedia&parent=284"}],"curies":[{"name":"wp","href":"https:\/\/api.w.org\/{rel}","templated":true}]}}