{"id":1605,"date":"2024-12-11T21:45:00","date_gmt":"2024-12-11T21:45:00","guid":{"rendered":"http:\/\/sterngasthaus.at\/?page_id=1605"},"modified":"2024-12-20T17:59:40","modified_gmt":"2024-12-20T17:59:40","slug":"jobs","status":"publish","type":"page","link":"https:\/\/sterngasthaus.at\/?page_id=1605","title":{"rendered":"Jobs"},"content":{"rendered":"\t\t<div data-elementor-type=\"wp-page\" data-elementor-id=\"1605\" class=\"elementor elementor-1605\" data-elementor-post-type=\"page\">\n\t\t\t\t<div class=\"elementor-element elementor-element-e38d4b4 e-flex e-con-boxed e-con e-parent\" data-id=\"e38d4b4\" data-element_type=\"container\">\n\t\t\t\t\t<div class=\"e-con-inner\">\n\t\t\t\t<div class=\"elementor-element elementor-element-71f7e66 elementor-headline--style-rotate elementor-widget elementor-widget-animated-headline\" data-id=\"71f7e66\" data-element_type=\"widget\" data-settings=\"{&quot;headline_style&quot;:&quot;rotate&quot;,&quot;animation_type&quot;:&quot;clip&quot;,&quot;rotating_text&quot;:&quot;Attraktiv\\nInteressant\\neinfach toll\\n&quot;,&quot;sticky&quot;:&quot;bottom&quot;,&quot;rotate_iteration_delay&quot;:4000,&quot;loop&quot;:&quot;yes&quot;,&quot;sticky_on&quot;:[&quot;desktop&quot;,&quot;tablet&quot;,&quot;mobile&quot;],&quot;sticky_offset&quot;:0,&quot;sticky_effects_offset&quot;:0,&quot;sticky_anchor_link_offset&quot;:0}\" data-widget_type=\"animated-headline.default\">\n\t\t\t\t<div class=\"elementor-widget-container\">\n\t\t\t\t\t\t\t<h3 class=\"elementor-headline elementor-headline-animation-type-clip\">\n\t\t\t\t\t<span class=\"elementor-headline-plain-text elementor-headline-text-wrapper\">Arbeiten bei Gasthaus Stern ist<\/span>\n\t\t\t\t<span class=\"elementor-headline-dynamic-wrapper elementor-headline-text-wrapper\">\n\t\t\t\t\t<span class=\"elementor-headline-dynamic-text elementor-headline-text-active\">\n\t\t\t\tAttraktiv\t\t\t<\/span>\n\t\t\t\t\t<span class=\"elementor-headline-dynamic-text\">\n\t\t\t\tInteressant\t\t\t<\/span>\n\t\t\t\t\t<span class=\"elementor-headline-dynamic-text\">\n\t\t\t\teinfach&nbsp;toll\t\t\t<\/span>\n\t\t\t\t\t<span class=\"elementor-headline-dynamic-text\">\n\t\t\t\t\t\t\t<\/span>\n\t\t\t\t\t\t<\/span>\n\t\t\t\t<\/h3>\n\t\t\t\t\t\t<\/div>\n\t\t\t\t<\/div>\n\t\t\t\t\t<\/div>\n\t\t\t\t<\/div>\n\t\t<div class=\"elementor-element elementor-element-3a30d94 e-flex e-con-boxed e-con e-parent\" data-id=\"3a30d94\" data-element_type=\"container\" data-settings=\"{&quot;background_background&quot;:&quot;classic&quot;}\">\n\t\t\t\t\t<div class=\"e-con-inner\">\n\t\t<div class=\"elementor-element elementor-element-6a6c4a2 e-con-full e-flex e-con e-child\" data-id=\"6a6c4a2\" data-element_type=\"container\" data-settings=\"{&quot;background_background&quot;:&quot;classic&quot;}\">\n\t\t\t\t<div class=\"elementor-element elementor-element-8fe1f7c elementor-widget elementor-widget-heading\" data-id=\"8fe1f7c\" data-element_type=\"widget\" data-widget_type=\"heading.default\">\n\t\t\t\t<div class=\"elementor-widget-container\">\n\t\t\t\t\t<h2 class=\"elementor-heading-title elementor-size-default\">Werde Teil unseres Teams!\n\n<\/h2>\t\t\t\t<\/div>\n\t\t\t\t<\/div>\n\t\t\t\t<div class=\"elementor-element elementor-element-0745c38 elementor-widget elementor-widget-text-editor\" data-id=\"0745c38\" data-element_type=\"widget\" data-widget_type=\"text-editor.default\">\n\t\t\t\t<div class=\"elementor-widget-container\">\n\t\t\t\t\t\t\t\t\t<p>Du suchst einen Job, bei dem Du Teil eines jungen, motivierten Teams wirst und G\u00e4ste mit exzellentem Service und leckerem Essen begeistern kannst? Dann bist Du im <strong>Gasthaus Stern<\/strong> genau richtig!<\/p>\t\t\t\t\t\t\t\t<\/div>\n\t\t\t\t<\/div>\n\t\t\t\t<\/div>\n\t\t\t\t\t<\/div>\n\t\t\t\t<\/div>\n\t\t<div class=\"elementor-element elementor-element-600a909 e-flex e-con-boxed e-con e-parent\" data-id=\"600a909\" data-element_type=\"container\">\n\t\t\t\t\t<div class=\"e-con-inner\">\n\t\t\t\t<div class=\"elementor-element elementor-element-10e7b6a elementor-widget elementor-widget-spacer\" data-id=\"10e7b6a\" data-element_type=\"widget\" data-widget_type=\"spacer.default\">\n\t\t\t\t<div class=\"elementor-widget-container\">\n\t\t\t\t\t\t\t<div class=\"elementor-spacer\">\n\t\t\t<div class=\"elementor-spacer-inner\"><\/div>\n\t\t<\/div>\n\t\t\t\t\t\t<\/div>\n\t\t\t\t<\/div>\n\t\t\t\t\t<\/div>\n\t\t\t\t<\/div>\n\t\t<div class=\"elementor-element elementor-element-bb5e1a0 e-flex e-con-boxed e-con e-parent\" data-id=\"bb5e1a0\" data-element_type=\"container\" data-settings=\"{&quot;background_background&quot;:&quot;classic&quot;}\">\n\t\t\t\t\t<div class=\"e-con-inner\">\n\t\t\t\t<div class=\"elementor-element elementor-element-2e216ec elementor-widget elementor-widget-n-accordion\" data-id=\"2e216ec\" data-element_type=\"widget\" data-settings=\"{&quot;default_state&quot;:&quot;expanded&quot;,&quot;max_items_expended&quot;:&quot;one&quot;,&quot;n_accordion_animation_duration&quot;:{&quot;unit&quot;:&quot;ms&quot;,&quot;size&quot;:400,&quot;sizes&quot;:[]}}\" data-widget_type=\"nested-accordion.default\">\n\t\t\t\t<div class=\"elementor-widget-container\">\n\t\t\t\t\t\t\t<div class=\"e-n-accordion\" aria-label=\"Accordion. Open links with Enter or Space, close with Escape, and navigate with Arrow Keys\">\n\t\t\t\t\t\t<details id=\"e-n-accordion-item-4830\" class=\"e-n-accordion-item\" open>\n\t\t\t\t<summary class=\"e-n-accordion-item-title\" data-accordion-index=\"1\" tabindex=\"0\" aria-expanded=\"true\" aria-controls=\"e-n-accordion-item-4830\" >\n\t\t\t\t\t<span class='e-n-accordion-item-title-header'><div class=\"e-n-accordion-item-title-text\"> Servicekraft (M\/W\/D) <\/div><\/span>\n\t\t\t\t\t\t\t<span class='e-n-accordion-item-title-icon'>\n\t\t\t<span class='e-opened' ><svg aria-hidden=\"true\" class=\"e-font-icon-svg e-fas-minus\" viewBox=\"0 0 448 512\" xmlns=\"http:\/\/www.w3.org\/2000\/svg\"><path d=\"M416 208H32c-17.67 0-32 14.33-32 32v32c0 17.67 14.33 32 32 32h384c17.67 0 32-14.33 32-32v-32c0-17.67-14.33-32-32-32z\"><\/path><\/svg><\/span>\n\t\t\t<span class='e-closed'><svg aria-hidden=\"true\" class=\"e-font-icon-svg e-fas-plus\" viewBox=\"0 0 448 512\" xmlns=\"http:\/\/www.w3.org\/2000\/svg\"><path d=\"M416 208H272V64c0-17.67-14.33-32-32-32h-32c-17.67 0-32 14.33-32 32v144H32c-17.67 0-32 14.33-32 32v32c0 17.67 14.33 32 32 32h144v144c0 17.67 14.33 32 32 32h32c17.67 0 32-14.33 32-32V304h144c17.67 0 32-14.33 32-32v-32c0-17.67-14.33-32-32-32z\"><\/path><\/svg><\/span>\n\t\t<\/span>\n\n\t\t\t\t\t\t<\/summary>\n\t\t\t\t<div role=\"region\" aria-labelledby=\"e-n-accordion-item-4830\" class=\"elementor-element elementor-element-f7474cc e-con-full e-flex e-con e-child\" data-id=\"f7474cc\" data-element_type=\"container\">\n\t\t<div role=\"region\" aria-labelledby=\"e-n-accordion-item-4830\" class=\"elementor-element elementor-element-0fd4d06 e-flex e-con-boxed e-con e-child\" data-id=\"0fd4d06\" data-element_type=\"container\">\n\t\t\t\t\t<div class=\"e-con-inner\">\n\t\t<div role=\"region\" aria-labelledby=\"e-n-accordion-item-4830\" class=\"elementor-element elementor-element-67ebc6b e-con-full e-flex e-con e-child\" data-id=\"67ebc6b\" data-element_type=\"container\">\n\t\t<div role=\"region\" aria-labelledby=\"e-n-accordion-item-4830\" class=\"elementor-element elementor-element-3cbd26d e-con-full e-flex e-con e-child\" data-id=\"3cbd26d\" data-element_type=\"container\">\n\t\t<div role=\"region\" aria-labelledby=\"e-n-accordion-item-4830\" class=\"elementor-element elementor-element-26ed513 e-con-full e-flex e-con e-child\" data-id=\"26ed513\" data-element_type=\"container\">\n\t\t<div role=\"region\" aria-labelledby=\"e-n-accordion-item-4830\" class=\"elementor-element elementor-element-4e68619 e-con-full e-flex e-con e-child\" data-id=\"4e68619\" data-element_type=\"container\">\n\t\t\t\t<div class=\"elementor-element elementor-element-dd5713c elementor-widget elementor-widget-heading\" data-id=\"dd5713c\" data-element_type=\"widget\" data-widget_type=\"heading.default\">\n\t\t\t\t<div class=\"elementor-widget-container\">\n\t\t\t\t\t<h2 class=\"elementor-heading-title elementor-size-default\">Servicekraft (M\/W\/D)<\/h2>\t\t\t\t<\/div>\n\t\t\t\t<\/div>\n\t\t\t\t<div class=\"elementor-element elementor-element-218ca9b elementor-widget elementor-widget-text-editor\" data-id=\"218ca9b\" data-element_type=\"widget\" data-widget_type=\"text-editor.default\">\n\t\t\t\t<div class=\"elementor-widget-container\">\n\t\t\t\t\t\t\t\t\t<p>Das Gasthaus Stern sucht Dich f\u00fcr unser Serviceteam! Du hast Spa\u00df am Umgang mit G\u00e4sten, bist freundlich und zuverl\u00e4ssig? Egal ob Vollzeit oder Teilzeit \u2013 wir bieten Dir ein motiviertes Team und faire Bezahlung.<\/p>\t\t\t\t\t\t\t\t<\/div>\n\t\t\t\t<\/div>\n\t\t\t\t<div class=\"elementor-element elementor-element-9e73d47 elementor-widget elementor-widget-button\" data-id=\"9e73d47\" data-element_type=\"widget\" data-widget_type=\"button.default\">\n\t\t\t\t<div class=\"elementor-widget-container\">\n\t\t\t\t\t\t\t\t\t<div class=\"elementor-button-wrapper\">\n\t\t\t\t\t<a class=\"elementor-button elementor-button-link elementor-size-sm\" href=\"mailto:office@sterngasthaus.at\">\n\t\t\t\t\t\t<span class=\"elementor-button-content-wrapper\">\n\t\t\t\t\t\t\t\t\t<span class=\"elementor-button-text\">Kontakt<\/span>\n\t\t\t\t\t<\/span>\n\t\t\t\t\t<\/a>\n\t\t\t\t<\/div>\n\t\t\t\t\t\t\t\t<\/div>\n\t\t\t\t<\/div>\n\t\t\t\t<\/div>\n\t\t\t\t<\/div>\n\t\t\t\t<\/div>\n\t\t\t\t<\/div>\n\t\t\t\t\t<\/div>\n\t\t\t\t<\/div>\n\t\t\t\t<\/div>\n\t\t\t\t\t<\/details>\n\t\t\t\t\t\t<details id=\"e-n-accordion-item-4831\" class=\"e-n-accordion-item\" >\n\t\t\t\t<summary class=\"e-n-accordion-item-title\" data-accordion-index=\"2\" tabindex=\"-1\" aria-expanded=\"false\" aria-controls=\"e-n-accordion-item-4831\" >\n\t\t\t\t\t<span class='e-n-accordion-item-title-header'><div class=\"e-n-accordion-item-title-text\"> Abwaschhilfe (M\/W\/D) <\/div><\/span>\n\t\t\t\t\t\t\t<span class='e-n-accordion-item-title-icon'>\n\t\t\t<span class='e-opened' ><svg aria-hidden=\"true\" class=\"e-font-icon-svg e-fas-minus\" viewBox=\"0 0 448 512\" xmlns=\"http:\/\/www.w3.org\/2000\/svg\"><path d=\"M416 208H32c-17.67 0-32 14.33-32 32v32c0 17.67 14.33 32 32 32h384c17.67 0 32-14.33 32-32v-32c0-17.67-14.33-32-32-32z\"><\/path><\/svg><\/span>\n\t\t\t<span class='e-closed'><svg aria-hidden=\"true\" class=\"e-font-icon-svg e-fas-plus\" viewBox=\"0 0 448 512\" xmlns=\"http:\/\/www.w3.org\/2000\/svg\"><path d=\"M416 208H272V64c0-17.67-14.33-32-32-32h-32c-17.67 0-32 14.33-32 32v144H32c-17.67 0-32 14.33-32 32v32c0 17.67 14.33 32 32 32h144v144c0 17.67 14.33 32 32 32h32c17.67 0 32-14.33 32-32V304h144c17.67 0 32-14.33 32-32v-32c0-17.67-14.33-32-32-32z\"><\/path><\/svg><\/span>\n\t\t<\/span>\n\n\t\t\t\t\t\t<\/summary>\n\t\t\t\t<div role=\"region\" aria-labelledby=\"e-n-accordion-item-4831\" class=\"elementor-element elementor-element-7d56f54 e-flex e-con-boxed e-con e-child\" data-id=\"7d56f54\" data-element_type=\"container\">\n\t\t\t\t\t<div class=\"e-con-inner\">\n\t\t<div role=\"region\" aria-labelledby=\"e-n-accordion-item-4831\" class=\"elementor-element elementor-element-a7e5075 e-con-full e-flex e-con e-child\" data-id=\"a7e5075\" data-element_type=\"container\">\n\t\t\t\t<div class=\"elementor-element elementor-element-901915a elementor-widget elementor-widget-heading\" data-id=\"901915a\" data-element_type=\"widget\" data-widget_type=\"heading.default\">\n\t\t\t\t<div class=\"elementor-widget-container\">\n\t\t\t\t\t<h2 class=\"elementor-heading-title elementor-size-default\">AbwaschHilfe (M\/W\/D)<\/h2>\t\t\t\t<\/div>\n\t\t\t\t<\/div>\n\t\t\t\t<div class=\"elementor-element elementor-element-d419e9c elementor-widget elementor-widget-text-editor\" data-id=\"d419e9c\" data-element_type=\"widget\" data-widget_type=\"text-editor.default\">\n\t\t\t\t<div class=\"elementor-widget-container\">\n\t\t\t\t\t\t\t\t\t<p>\u00a0<\/p><p>Das Gasthaus Stern sucht Dich f\u00fcr unser K\u00fcchenteam! Du bist zuverl\u00e4ssig, packst gerne mit an und suchst eine Stelle in Vollzeit oder Teilzeit? Wir bieten Dir ein motiviertes Team und faire Bezahlung.<\/p>\t\t\t\t\t\t\t\t<\/div>\n\t\t\t\t<\/div>\n\t\t\t\t<div class=\"elementor-element elementor-element-580b203 elementor-widget elementor-widget-button\" data-id=\"580b203\" data-element_type=\"widget\" data-widget_type=\"button.default\">\n\t\t\t\t<div class=\"elementor-widget-container\">\n\t\t\t\t\t\t\t\t\t<div class=\"elementor-button-wrapper\">\n\t\t\t\t\t<a class=\"elementor-button elementor-button-link elementor-size-sm\" href=\"mailto:office@sterngasthaus.at\">\n\t\t\t\t\t\t<span class=\"elementor-button-content-wrapper\">\n\t\t\t\t\t\t\t\t\t<span class=\"elementor-button-text\">Kontakt<\/span>\n\t\t\t\t\t<\/span>\n\t\t\t\t\t<\/a>\n\t\t\t\t<\/div>\n\t\t\t\t\t\t\t\t<\/div>\n\t\t\t\t<\/div>\n\t\t\t\t<\/div>\n\t\t\t\t\t<\/div>\n\t\t\t\t<\/div>\n\t\t\t\t\t<\/details>\n\t\t\t\t\t\t<details id=\"e-n-accordion-item-4832\" class=\"e-n-accordion-item\" >\n\t\t\t\t<summary class=\"e-n-accordion-item-title\" data-accordion-index=\"3\" tabindex=\"-1\" aria-expanded=\"false\" aria-controls=\"e-n-accordion-item-4832\" >\n\t\t\t\t\t<span class='e-n-accordion-item-title-header'><div class=\"e-n-accordion-item-title-text\"> Ferialpraktika Sommer 2025 (M\/W\/D) <\/div><\/span>\n\t\t\t\t\t\t\t<span class='e-n-accordion-item-title-icon'>\n\t\t\t<span class='e-opened' ><svg aria-hidden=\"true\" class=\"e-font-icon-svg e-fas-minus\" viewBox=\"0 0 448 512\" xmlns=\"http:\/\/www.w3.org\/2000\/svg\"><path d=\"M416 208H32c-17.67 0-32 14.33-32 32v32c0 17.67 14.33 32 32 32h384c17.67 0 32-14.33 32-32v-32c0-17.67-14.33-32-32-32z\"><\/path><\/svg><\/span>\n\t\t\t<span class='e-closed'><svg aria-hidden=\"true\" class=\"e-font-icon-svg e-fas-plus\" viewBox=\"0 0 448 512\" xmlns=\"http:\/\/www.w3.org\/2000\/svg\"><path d=\"M416 208H272V64c0-17.67-14.33-32-32-32h-32c-17.67 0-32 14.33-32 32v144H32c-17.67 0-32 14.33-32 32v32c0 17.67 14.33 32 32 32h144v144c0 17.67 14.33 32 32 32h32c17.67 0 32-14.33 32-32V304h144c17.67 0 32-14.33 32-32v-32c0-17.67-14.33-32-32-32z\"><\/path><\/svg><\/span>\n\t\t<\/span>\n\n\t\t\t\t\t\t<\/summary>\n\t\t\t\t<div role=\"region\" aria-labelledby=\"e-n-accordion-item-4832\" class=\"elementor-element elementor-element-e68b07a e-flex e-con-boxed e-con e-child\" data-id=\"e68b07a\" data-element_type=\"container\">\n\t\t\t\t\t<div class=\"e-con-inner\">\n\t\t<div role=\"region\" aria-labelledby=\"e-n-accordion-item-4832\" class=\"elementor-element elementor-element-9c672cb e-con-full e-flex e-con e-child\" data-id=\"9c672cb\" data-element_type=\"container\">\n\t\t\t\t<div class=\"elementor-element elementor-element-3811108 elementor-widget elementor-widget-heading\" data-id=\"3811108\" data-element_type=\"widget\" data-widget_type=\"heading.default\">\n\t\t\t\t<div class=\"elementor-widget-container\">\n\t\t\t\t\t<h2 class=\"elementor-heading-title elementor-size-default\">Ferialpraktika (M\/W\/D)<\/h2>\t\t\t\t<\/div>\n\t\t\t\t<\/div>\n\t\t\t\t<div class=\"elementor-element elementor-element-3f27073 elementor-widget elementor-widget-text-editor\" data-id=\"3f27073\" data-element_type=\"widget\" data-widget_type=\"text-editor.default\">\n\t\t\t\t<div class=\"elementor-widget-container\">\n\t\t\t\t\t\t\t\t\t<p>\u00a0<\/p><p>Das Gasthaus Stern bietet Dir im Sommer 2025 die M\u00f6glichkeit, Berufserfahrung in der Gastronomie zu sammeln. Ob im Service oder in der K\u00fcche \u2013 bei uns erwarten Dich spannende Aufgaben, ein motiviertes Team und eine tolle Arbeitsatmosph\u00e4re. Wenn Du motiviert bist, gerne im Team arbeitest und neugierig auf die Welt der Gastronomie bist, freuen wir uns auf Deine Bewerbung.<\/p>\t\t\t\t\t\t\t\t<\/div>\n\t\t\t\t<\/div>\n\t\t\t\t<div class=\"elementor-element elementor-element-691352d elementor-widget elementor-widget-button\" data-id=\"691352d\" data-element_type=\"widget\" data-widget_type=\"button.default\">\n\t\t\t\t<div class=\"elementor-widget-container\">\n\t\t\t\t\t\t\t\t\t<div class=\"elementor-button-wrapper\">\n\t\t\t\t\t<a class=\"elementor-button elementor-button-link elementor-size-sm\" href=\"mailto:office@sterngasthaus.at\">\n\t\t\t\t\t\t<span class=\"elementor-button-content-wrapper\">\n\t\t\t\t\t\t\t\t\t<span class=\"elementor-button-text\">Kontakt<\/span>\n\t\t\t\t\t<\/span>\n\t\t\t\t\t<\/a>\n\t\t\t\t<\/div>\n\t\t\t\t\t\t\t\t<\/div>\n\t\t\t\t<\/div>\n\t\t\t\t<\/div>\n\t\t\t\t\t<\/div>\n\t\t\t\t<\/div>\n\t\t\t\t\t<\/details>\n\t\t\t\t\t<\/div>\n\t\t\t\t\t\t<\/div>\n\t\t\t\t<\/div>\n\t\t\t\t\t<\/div>\n\t\t\t\t<\/div>\n\t\t<div class=\"elementor-element elementor-element-f5d8579 e-flex e-con-boxed e-con e-parent\" data-id=\"f5d8579\" data-element_type=\"container\">\n\t\t\t\t\t<div class=\"e-con-inner\">\n\t\t\t\t<div class=\"elementor-element elementor-element-0598629 elementor-widget elementor-widget-spacer\" data-id=\"0598629\" data-element_type=\"widget\" data-widget_type=\"spacer.default\">\n\t\t\t\t<div class=\"elementor-widget-container\">\n\t\t\t\t\t\t\t<div class=\"elementor-spacer\">\n\t\t\t<div class=\"elementor-spacer-inner\"><\/div>\n\t\t<\/div>\n\t\t\t\t\t\t<\/div>\n\t\t\t\t<\/div>\n\t\t\t\t\t<\/div>\n\t\t\t\t<\/div>\n\t\t\t\t<\/div>\n\t\t","protected":false},"excerpt":{"rendered":"<p>Arbeiten bei Gasthaus Stern ist Attraktiv Interessant einfach&nbsp;toll Werde Teil unseres Teams! Du suchst einen Job, bei dem Du Teil eines jungen, motivierten Teams wirst und G\u00e4ste mit exzellentem Service und leckerem Essen begeistern kannst? Dann bist Du im Gasthaus Stern genau richtig! Servicekraft (M\/W\/D) Servicekraft (M\/W\/D) Das Gasthaus Stern sucht Dich f\u00fcr unser Serviceteam! [&hellip;]<\/p>\n","protected":false},"author":2,"featured_media":0,"parent":0,"menu_order":0,"comment_status":"closed","ping_status":"closed","template":"elementor_theme","meta":{"footnotes":""},"class_list":["post-1605","page","type-page","status-publish","hentry"],"yoast_head":"<!-- This site is optimized with the Yoast SEO plugin v24.7 - https:\/\/yoast.com\/wordpress\/plugins\/seo\/ -->\n<title>Jobs - Gasthaus Stern<\/title>\n<meta name=\"robots\" content=\"index, follow, max-snippet:-1, max-image-preview:large, max-video-preview:-1\" \/>\n<link rel=\"canonical\" href=\"https:\/\/sterngasthaus.at\/?page_id=1605\" \/>\n<meta property=\"og:locale\" content=\"de_DE\" \/>\n<meta property=\"og:type\" content=\"article\" \/>\n<meta property=\"og:title\" content=\"Jobs - Gasthaus Stern\" \/>\n<meta property=\"og:description\" content=\"Arbeiten bei Gasthaus Stern ist Attraktiv Interessant einfach&nbsp;toll Werde Teil unseres Teams! Du suchst einen Job, bei dem Du Teil eines jungen, motivierten Teams wirst und G\u00e4ste mit exzellentem Service und leckerem Essen begeistern kannst? Dann bist Du im Gasthaus Stern genau richtig! Servicekraft (M\/W\/D) Servicekraft (M\/W\/D) Das Gasthaus Stern sucht Dich f\u00fcr unser Serviceteam! [&hellip;]\" \/>\n<meta property=\"og:url\" content=\"https:\/\/sterngasthaus.at\/?page_id=1605\" \/>\n<meta property=\"og:site_name\" content=\"Gasthaus Stern\" \/>\n<meta property=\"article:modified_time\" content=\"2024-12-20T17:59:40+00:00\" \/>\n<meta name=\"twitter:card\" content=\"summary_large_image\" \/>\n<meta name=\"twitter:label1\" content=\"Gesch\u00e4tzte Lesezeit\" \/>\n\t<meta name=\"twitter:data1\" content=\"2\u00a0Minuten\" \/>\n<script type=\"application\/ld+json\" class=\"yoast-schema-graph\">{\"@context\":\"https:\/\/schema.org\",\"@graph\":[{\"@type\":\"WebPage\",\"@id\":\"https:\/\/sterngasthaus.at\/?page_id=1605\",\"url\":\"https:\/\/sterngasthaus.at\/?page_id=1605\",\"name\":\"Jobs - Gasthaus Stern\",\"isPartOf\":{\"@id\":\"https:\/\/sterngasthaus.at\/#website\"},\"datePublished\":\"2024-12-11T21:45:00+00:00\",\"dateModified\":\"2024-12-20T17:59:40+00:00\",\"breadcrumb\":{\"@id\":\"https:\/\/sterngasthaus.at\/?page_id=1605#breadcrumb\"},\"inLanguage\":\"de\",\"potentialAction\":[{\"@type\":\"ReadAction\",\"target\":[\"https:\/\/sterngasthaus.at\/?page_id=1605\"]}]},{\"@type\":\"BreadcrumbList\",\"@id\":\"https:\/\/sterngasthaus.at\/?page_id=1605#breadcrumb\",\"itemListElement\":[{\"@type\":\"ListItem\",\"position\":1,\"name\":\"Startseite\",\"item\":\"https:\/\/sterngasthaus.at\/\"},{\"@type\":\"ListItem\",\"position\":2,\"name\":\"Jobs\"}]},{\"@type\":\"WebSite\",\"@id\":\"https:\/\/sterngasthaus.at\/#website\",\"url\":\"https:\/\/sterngasthaus.at\/\",\"name\":\"Gasthaus Stern\",\"description\":\"Restaurant mit Klasse\",\"publisher\":{\"@id\":\"https:\/\/sterngasthaus.at\/#organization\"},\"potentialAction\":[{\"@type\":\"SearchAction\",\"target\":{\"@type\":\"EntryPoint\",\"urlTemplate\":\"https:\/\/sterngasthaus.at\/?s={search_term_string}\"},\"query-input\":{\"@type\":\"PropertyValueSpecification\",\"valueRequired\":true,\"valueName\":\"search_term_string\"}}],\"inLanguage\":\"de\"},{\"@type\":\"Organization\",\"@id\":\"https:\/\/sterngasthaus.at\/#organization\",\"name\":\"Gasthaus Stern\",\"url\":\"https:\/\/sterngasthaus.at\/\",\"logo\":{\"@type\":\"ImageObject\",\"inLanguage\":\"de\",\"@id\":\"https:\/\/sterngasthaus.at\/#\/schema\/logo\/image\/\",\"url\":\"https:\/\/sterngasthaus.at\/wp-content\/uploads\/2024\/07\/Profilbild_350px.png\",\"contentUrl\":\"https:\/\/sterngasthaus.at\/wp-content\/uploads\/2024\/07\/Profilbild_350px.png\",\"width\":350,\"height\":100,\"caption\":\"Gasthaus Stern\"},\"image\":{\"@id\":\"https:\/\/sterngasthaus.at\/#\/schema\/logo\/image\/\"}}]}<\/script>\n<!-- \/ Yoast SEO plugin. -->","yoast_head_json":{"title":"Jobs - Gasthaus Stern","robots":{"index":"index","follow":"follow","max-snippet":"max-snippet:-1","max-image-preview":"max-image-preview:large","max-video-preview":"max-video-preview:-1"},"canonical":"https:\/\/sterngasthaus.at\/?page_id=1605","og_locale":"de_DE","og_type":"article","og_title":"Jobs - Gasthaus Stern","og_description":"Arbeiten bei Gasthaus Stern ist Attraktiv Interessant einfach&nbsp;toll Werde Teil unseres Teams! Du suchst einen Job, bei dem Du Teil eines jungen, motivierten Teams wirst und G\u00e4ste mit exzellentem Service und leckerem Essen begeistern kannst? Dann bist Du im Gasthaus Stern genau richtig! Servicekraft (M\/W\/D) Servicekraft (M\/W\/D) Das Gasthaus Stern sucht Dich f\u00fcr unser Serviceteam! [&hellip;]","og_url":"https:\/\/sterngasthaus.at\/?page_id=1605","og_site_name":"Gasthaus Stern","article_modified_time":"2024-12-20T17:59:40+00:00","twitter_card":"summary_large_image","twitter_misc":{"Gesch\u00e4tzte Lesezeit":"2\u00a0Minuten"},"schema":{"@context":"https:\/\/schema.org","@graph":[{"@type":"WebPage","@id":"https:\/\/sterngasthaus.at\/?page_id=1605","url":"https:\/\/sterngasthaus.at\/?page_id=1605","name":"Jobs - Gasthaus Stern","isPartOf":{"@id":"https:\/\/sterngasthaus.at\/#website"},"datePublished":"2024-12-11T21:45:00+00:00","dateModified":"2024-12-20T17:59:40+00:00","breadcrumb":{"@id":"https:\/\/sterngasthaus.at\/?page_id=1605#breadcrumb"},"inLanguage":"de","potentialAction":[{"@type":"ReadAction","target":["https:\/\/sterngasthaus.at\/?page_id=1605"]}]},{"@type":"BreadcrumbList","@id":"https:\/\/sterngasthaus.at\/?page_id=1605#breadcrumb","itemListElement":[{"@type":"ListItem","position":1,"name":"Startseite","item":"https:\/\/sterngasthaus.at\/"},{"@type":"ListItem","position":2,"name":"Jobs"}]},{"@type":"WebSite","@id":"https:\/\/sterngasthaus.at\/#website","url":"https:\/\/sterngasthaus.at\/","name":"Gasthaus Stern","description":"Restaurant mit Klasse","publisher":{"@id":"https:\/\/sterngasthaus.at\/#organization"},"potentialAction":[{"@type":"SearchAction","target":{"@type":"EntryPoint","urlTemplate":"https:\/\/sterngasthaus.at\/?s={search_term_string}"},"query-input":{"@type":"PropertyValueSpecification","valueRequired":true,"valueName":"search_term_string"}}],"inLanguage":"de"},{"@type":"Organization","@id":"https:\/\/sterngasthaus.at\/#organization","name":"Gasthaus Stern","url":"https:\/\/sterngasthaus.at\/","logo":{"@type":"ImageObject","inLanguage":"de","@id":"https:\/\/sterngasthaus.at\/#\/schema\/logo\/image\/","url":"https:\/\/sterngasthaus.at\/wp-content\/uploads\/2024\/07\/Profilbild_350px.png","contentUrl":"https:\/\/sterngasthaus.at\/wp-content\/uploads\/2024\/07\/Profilbild_350px.png","width":350,"height":100,"caption":"Gasthaus Stern"},"image":{"@id":"https:\/\/sterngasthaus.at\/#\/schema\/logo\/image\/"}}]}},"_links":{"self":[{"href":"https:\/\/sterngasthaus.at\/index.php?rest_route=\/wp\/v2\/pages\/1605","targetHints":{"allow":["GET"]}}],"collection":[{"href":"https:\/\/sterngasthaus.at\/index.php?rest_route=\/wp\/v2\/pages"}],"about":[{"href":"https:\/\/sterngasthaus.at\/index.php?rest_route=\/wp\/v2\/types\/page"}],"author":[{"embeddable":true,"href":"https:\/\/sterngasthaus.at\/index.php?rest_route=\/wp\/v2\/users\/2"}],"replies":[{"embeddable":true,"href":"https:\/\/sterngasthaus.at\/index.php?rest_route=%2Fwp%2Fv2%2Fcomments&post=1605"}],"version-history":[{"count":65,"href":"https:\/\/sterngasthaus.at\/index.php?rest_route=\/wp\/v2\/pages\/1605\/revisions"}],"predecessor-version":[{"id":1746,"href":"https:\/\/sterngasthaus.at\/index.php?rest_route=\/wp\/v2\/pages\/1605\/revisions\/1746"}],"wp:attachment":[{"href":"https:\/\/sterngasthaus.at\/index.php?rest_route=%2Fwp%2Fv2%2Fmedia&parent=1605"}],"curies":[{"name":"wp","href":"https:\/\/api.w.org\/{rel}","templated":true}]}}