{"id":679,"date":"2024-08-18T13:16:49","date_gmt":"2024-08-18T13:16:49","guid":{"rendered":"http:\/\/sterngasthaus.at\/?page_id=679"},"modified":"2024-09-23T12:55:06","modified_gmt":"2024-09-23T12:55:06","slug":"elementor-679","status":"publish","type":"page","link":"https:\/\/sterngasthaus.at\/?page_id=679","title":{"rendered":"Impressum"},"content":{"rendered":"\t\t<div data-elementor-type=\"wp-page\" data-elementor-id=\"679\" class=\"elementor elementor-679\" data-elementor-post-type=\"page\">\n\t\t\t\t<div class=\"elementor-element elementor-element-b3c6ed9 e-flex e-con-boxed e-con e-parent\" data-id=\"b3c6ed9\" data-element_type=\"container\">\n\t\t\t\t\t<div class=\"e-con-inner\">\n\t\t\t\t<div class=\"elementor-element elementor-element-8d409af elementor-widget elementor-widget-text-editor\" data-id=\"8d409af\" data-element_type=\"widget\" data-widget_type=\"text-editor.default\">\n\t\t\t\t<div class=\"elementor-widget-container\">\n\t\t\t\t\t\t\t\t\t<h1><strong>Impressum<\/strong><\/h1><p><strong>Informationen und Offenlegung gem\u00e4\u00df \u00a75 (1) ECG, \u00a7 25 MedienG, \u00a7 63 GewO und \u00a7 14 UGB<\/strong><\/p><p><strong>Webseitenbetreiber:<\/strong>\u00a0MF Pizza &amp; More OG<br \/><strong>Firmenbuchnummer:<\/strong>\u00a0FN 508017 i<br \/><strong>Firmenbuchgericht:\u00a0<\/strong>Landesgericht Feldkirch<\/p><p><strong>Anschrift:<\/strong>\u00a0Sternenplatz 2, 6922 Wolfurt Wolfurt<\/p><p><strong>UID-Nr:<\/strong>\u00a0ATU74232868<br \/><strong>Gewerbeaufsichtbeh\u00f6rde:<\/strong>\u00a0Bezirkshauptmannschaft Bregenz<\/p><p><strong style=\"color: var( --e-global-color-text ); font-family: var( --e-global-typography-text-font-family ), Sans-serif; font-size: var( --e-global-typography-text-font-size ); font-style: var( --e-global-typography-text-font-style ); letter-spacing: var( --e-global-typography-text-letter-spacing ); text-transform: var( --e-global-typography-text-text-transform ); word-spacing: var( --e-global-typography-text-word-spacing ); text-align: var(--text-align); background-color: var( --e-global-color-3d761f9 );\">Kontaktdaten:<\/strong><\/p><p>Telefon: +43 5574 47383<br \/>Email: office@sterngasthaus.at<\/p><p><strong>Anwendbare Rechtsvorschrift:<\/strong>\u00a0www.ris.bka.gv.at<br \/><strong>Berufsbezeichnung: Kafferestaurant<\/strong><\/p><p><strong>Online Streitbeilegung:<\/strong><\/p><p><strong>Urheberrecht:<\/strong>\u00a0Die Inhalte dieser Webseite unterliegen, soweit dies rechtlich m\u00f6glich ist, diversen Schutzrechten (z.B dem Urheberrecht). Jegliche Verwendung\/Verbreitung von bereitgestelltem Material, welche urheberrechtlich untersagt ist, bedarf schriftlicher Zustimmung des Webseitenbetreibers.<\/p><p><strong>Haftungsausschluss:<\/strong>\u00a0Trotz sorgf\u00e4ltiger inhaltlicher Kontrolle \u00fcbernimmt der Webseitenbetreiber dieser Webseite keine Haftung f\u00fcr die Inhalte externer Links. F\u00fcr den Inhalt der verlinkten Seiten sind ausschlie\u00dflich deren Betreiber verantwortlich. Sollten Sie dennoch auf ausgehende Links aufmerksam werden, welche auf eine Webseite mit rechtswidriger T\u00e4tigkeit\/Information verweisen, ersuchen wir um dementsprechenden Hinweis, um diese nach \u00a7 17 Abs. 2 ECG umgehend zu entfernen.<br \/>Die Urheberrechte Dritter werden vom Betreiber dieser Webseite mit gr\u00f6\u00dfter Sorgfalt beachtet. Sollten Sie trotzdem auf eine Urheberrechtsverletzung aufmerksam werden, bitten wir um einen entsprechenden Hinweis. Bei Bekanntwerden derartiger Rechtsverletzungen werden wir den betroffenen Inhalt umgehend entfernen.<\/p><p>Quelle:\u00a0<a href=\"https:\/\/www.ortner-rechtsanwalt.at\/rechtsanwalt-fuer-arbeitsrecht\/\"><strong>Rechtsanwalt Arbeitsrecht und K\u00fcndigung<\/strong><\/a><\/p><p><strong>Bildernachweis<\/strong><\/p><p>Die Bilder, Fotos und Grafiken auf dieser Webseite sind urheberrechtlich gesch\u00fctzt.<\/p><p>Die Bilderrechte liegen bei den folgenden Fotografen und Unternehmen:<\/p><ul><li>MF Pizza &amp; More OG<\/li><li><strong style=\"background-color: transparent; color: var( --e-global-color-text ); font-family: var( --e-global-typography-text-font-family ), Sans-serif; font-style: var( --e-global-typography-text-font-style ); letter-spacing: var( --e-global-typography-text-letter-spacing ); text-transform: var( --e-global-typography-text-text-transform ); word-spacing: var( --e-global-typography-text-word-spacing ); text-align: var(--text-align);\">Unsplash<\/strong><\/li><li>Lottiefiles<\/li><\/ul>\t\t\t\t\t\t\t\t<\/div>\n\t\t\t\t<\/div>\n\t\t\t\t\t<\/div>\n\t\t\t\t<\/div>\n\t\t\t\t<\/div>\n\t\t","protected":false},"excerpt":{"rendered":"<p>Impressum Informationen und Offenlegung gem\u00e4\u00df \u00a75 (1) ECG, \u00a7 25 MedienG, \u00a7 63 GewO und \u00a7 14 UGB Webseitenbetreiber:\u00a0MF Pizza &amp; More OGFirmenbuchnummer:\u00a0FN 508017 iFirmenbuchgericht:\u00a0Landesgericht Feldkirch Anschrift:\u00a0Sternenplatz 2, 6922 Wolfurt Wolfurt UID-Nr:\u00a0ATU74232868Gewerbeaufsichtbeh\u00f6rde:\u00a0Bezirkshauptmannschaft Bregenz Kontaktdaten: Telefon: +43 5574 47383Email: office@sterngasthaus.at Anwendbare Rechtsvorschrift:\u00a0www.ris.bka.gv.atBerufsbezeichnung: Kafferestaurant Online Streitbeilegung: Urheberrecht:\u00a0Die Inhalte dieser Webseite unterliegen, soweit dies rechtlich m\u00f6glich ist, diversen [&hellip;]<\/p>\n","protected":false},"author":1,"featured_media":0,"parent":0,"menu_order":0,"comment_status":"closed","ping_status":"closed","template":"","meta":{"footnotes":""},"class_list":["post-679","page","type-page","status-publish","hentry"],"yoast_head":"<!-- This site is optimized with the Yoast SEO plugin v24.7 - https:\/\/yoast.com\/wordpress\/plugins\/seo\/ -->\n<title>Impressum - Gasthaus Stern<\/title>\n<meta name=\"robots\" content=\"index, follow, max-snippet:-1, max-image-preview:large, max-video-preview:-1\" \/>\n<link rel=\"canonical\" href=\"https:\/\/sterngasthaus.at\/?page_id=679\" \/>\n<meta property=\"og:locale\" content=\"de_DE\" \/>\n<meta property=\"og:type\" content=\"article\" \/>\n<meta property=\"og:title\" content=\"Impressum - Gasthaus Stern\" \/>\n<meta property=\"og:description\" content=\"Impressum Informationen und Offenlegung gem\u00e4\u00df \u00a75 (1) ECG, \u00a7 25 MedienG, \u00a7 63 GewO und \u00a7 14 UGB Webseitenbetreiber:\u00a0MF Pizza &amp; More OGFirmenbuchnummer:\u00a0FN 508017 iFirmenbuchgericht:\u00a0Landesgericht Feldkirch Anschrift:\u00a0Sternenplatz 2, 6922 Wolfurt Wolfurt UID-Nr:\u00a0ATU74232868Gewerbeaufsichtbeh\u00f6rde:\u00a0Bezirkshauptmannschaft Bregenz Kontaktdaten: Telefon: +43 5574 47383Email: office@sterngasthaus.at Anwendbare Rechtsvorschrift:\u00a0www.ris.bka.gv.atBerufsbezeichnung: Kafferestaurant Online Streitbeilegung: Urheberrecht:\u00a0Die Inhalte dieser Webseite unterliegen, soweit dies rechtlich m\u00f6glich ist, diversen [&hellip;]\" \/>\n<meta property=\"og:url\" content=\"https:\/\/sterngasthaus.at\/?page_id=679\" \/>\n<meta property=\"og:site_name\" content=\"Gasthaus Stern\" \/>\n<meta property=\"article:modified_time\" content=\"2024-09-23T12:55:06+00:00\" \/>\n<meta name=\"twitter:card\" content=\"summary_large_image\" \/>\n<meta name=\"twitter:label1\" content=\"Gesch\u00e4tzte Lesezeit\" \/>\n\t<meta name=\"twitter:data1\" content=\"1\u00a0Minute\" \/>\n<script type=\"application\/ld+json\" class=\"yoast-schema-graph\">{\"@context\":\"https:\/\/schema.org\",\"@graph\":[{\"@type\":\"WebPage\",\"@id\":\"https:\/\/sterngasthaus.at\/?page_id=679\",\"url\":\"https:\/\/sterngasthaus.at\/?page_id=679\",\"name\":\"Impressum - Gasthaus Stern\",\"isPartOf\":{\"@id\":\"https:\/\/sterngasthaus.at\/#website\"},\"datePublished\":\"2024-08-18T13:16:49+00:00\",\"dateModified\":\"2024-09-23T12:55:06+00:00\",\"breadcrumb\":{\"@id\":\"https:\/\/sterngasthaus.at\/?page_id=679#breadcrumb\"},\"inLanguage\":\"de\",\"potentialAction\":[{\"@type\":\"ReadAction\",\"target\":[\"https:\/\/sterngasthaus.at\/?page_id=679\"]}]},{\"@type\":\"BreadcrumbList\",\"@id\":\"https:\/\/sterngasthaus.at\/?page_id=679#breadcrumb\",\"itemListElement\":[{\"@type\":\"ListItem\",\"position\":1,\"name\":\"Startseite\",\"item\":\"https:\/\/sterngasthaus.at\/\"},{\"@type\":\"ListItem\",\"position\":2,\"name\":\"Impressum\"}]},{\"@type\":\"WebSite\",\"@id\":\"https:\/\/sterngasthaus.at\/#website\",\"url\":\"https:\/\/sterngasthaus.at\/\",\"name\":\"Gasthaus Stern\",\"description\":\"Restaurant mit Klasse\",\"publisher\":{\"@id\":\"https:\/\/sterngasthaus.at\/#organization\"},\"potentialAction\":[{\"@type\":\"SearchAction\",\"target\":{\"@type\":\"EntryPoint\",\"urlTemplate\":\"https:\/\/sterngasthaus.at\/?s={search_term_string}\"},\"query-input\":{\"@type\":\"PropertyValueSpecification\",\"valueRequired\":true,\"valueName\":\"search_term_string\"}}],\"inLanguage\":\"de\"},{\"@type\":\"Organization\",\"@id\":\"https:\/\/sterngasthaus.at\/#organization\",\"name\":\"Gasthaus Stern\",\"url\":\"https:\/\/sterngasthaus.at\/\",\"logo\":{\"@type\":\"ImageObject\",\"inLanguage\":\"de\",\"@id\":\"https:\/\/sterngasthaus.at\/#\/schema\/logo\/image\/\",\"url\":\"https:\/\/sterngasthaus.at\/wp-content\/uploads\/2024\/07\/Profilbild_350px.png\",\"contentUrl\":\"https:\/\/sterngasthaus.at\/wp-content\/uploads\/2024\/07\/Profilbild_350px.png\",\"width\":350,\"height\":100,\"caption\":\"Gasthaus Stern\"},\"image\":{\"@id\":\"https:\/\/sterngasthaus.at\/#\/schema\/logo\/image\/\"}}]}<\/script>\n<!-- \/ Yoast SEO plugin. -->","yoast_head_json":{"title":"Impressum - Gasthaus Stern","robots":{"index":"index","follow":"follow","max-snippet":"max-snippet:-1","max-image-preview":"max-image-preview:large","max-video-preview":"max-video-preview:-1"},"canonical":"https:\/\/sterngasthaus.at\/?page_id=679","og_locale":"de_DE","og_type":"article","og_title":"Impressum - Gasthaus Stern","og_description":"Impressum Informationen und Offenlegung gem\u00e4\u00df \u00a75 (1) ECG, \u00a7 25 MedienG, \u00a7 63 GewO und \u00a7 14 UGB Webseitenbetreiber:\u00a0MF Pizza &amp; More OGFirmenbuchnummer:\u00a0FN 508017 iFirmenbuchgericht:\u00a0Landesgericht Feldkirch Anschrift:\u00a0Sternenplatz 2, 6922 Wolfurt Wolfurt UID-Nr:\u00a0ATU74232868Gewerbeaufsichtbeh\u00f6rde:\u00a0Bezirkshauptmannschaft Bregenz Kontaktdaten: Telefon: +43 5574 47383Email: office@sterngasthaus.at Anwendbare Rechtsvorschrift:\u00a0www.ris.bka.gv.atBerufsbezeichnung: Kafferestaurant Online Streitbeilegung: Urheberrecht:\u00a0Die Inhalte dieser Webseite unterliegen, soweit dies rechtlich m\u00f6glich ist, diversen [&hellip;]","og_url":"https:\/\/sterngasthaus.at\/?page_id=679","og_site_name":"Gasthaus Stern","article_modified_time":"2024-09-23T12:55:06+00:00","twitter_card":"summary_large_image","twitter_misc":{"Gesch\u00e4tzte Lesezeit":"1\u00a0Minute"},"schema":{"@context":"https:\/\/schema.org","@graph":[{"@type":"WebPage","@id":"https:\/\/sterngasthaus.at\/?page_id=679","url":"https:\/\/sterngasthaus.at\/?page_id=679","name":"Impressum - Gasthaus Stern","isPartOf":{"@id":"https:\/\/sterngasthaus.at\/#website"},"datePublished":"2024-08-18T13:16:49+00:00","dateModified":"2024-09-23T12:55:06+00:00","breadcrumb":{"@id":"https:\/\/sterngasthaus.at\/?page_id=679#breadcrumb"},"inLanguage":"de","potentialAction":[{"@type":"ReadAction","target":["https:\/\/sterngasthaus.at\/?page_id=679"]}]},{"@type":"BreadcrumbList","@id":"https:\/\/sterngasthaus.at\/?page_id=679#breadcrumb","itemListElement":[{"@type":"ListItem","position":1,"name":"Startseite","item":"https:\/\/sterngasthaus.at\/"},{"@type":"ListItem","position":2,"name":"Impressum"}]},{"@type":"WebSite","@id":"https:\/\/sterngasthaus.at\/#website","url":"https:\/\/sterngasthaus.at\/","name":"Gasthaus Stern","description":"Restaurant mit Klasse","publisher":{"@id":"https:\/\/sterngasthaus.at\/#organization"},"potentialAction":[{"@type":"SearchAction","target":{"@type":"EntryPoint","urlTemplate":"https:\/\/sterngasthaus.at\/?s={search_term_string}"},"query-input":{"@type":"PropertyValueSpecification","valueRequired":true,"valueName":"search_term_string"}}],"inLanguage":"de"},{"@type":"Organization","@id":"https:\/\/sterngasthaus.at\/#organization","name":"Gasthaus Stern","url":"https:\/\/sterngasthaus.at\/","logo":{"@type":"ImageObject","inLanguage":"de","@id":"https:\/\/sterngasthaus.at\/#\/schema\/logo\/image\/","url":"https:\/\/sterngasthaus.at\/wp-content\/uploads\/2024\/07\/Profilbild_350px.png","contentUrl":"https:\/\/sterngasthaus.at\/wp-content\/uploads\/2024\/07\/Profilbild_350px.png","width":350,"height":100,"caption":"Gasthaus Stern"},"image":{"@id":"https:\/\/sterngasthaus.at\/#\/schema\/logo\/image\/"}}]}},"_links":{"self":[{"href":"https:\/\/sterngasthaus.at\/index.php?rest_route=\/wp\/v2\/pages\/679","targetHints":{"allow":["GET"]}}],"collection":[{"href":"https:\/\/sterngasthaus.at\/index.php?rest_route=\/wp\/v2\/pages"}],"about":[{"href":"https:\/\/sterngasthaus.at\/index.php?rest_route=\/wp\/v2\/types\/page"}],"author":[{"embeddable":true,"href":"https:\/\/sterngasthaus.at\/index.php?rest_route=\/wp\/v2\/users\/1"}],"replies":[{"embeddable":true,"href":"https:\/\/sterngasthaus.at\/index.php?rest_route=%2Fwp%2Fv2%2Fcomments&post=679"}],"version-history":[{"count":41,"href":"https:\/\/sterngasthaus.at\/index.php?rest_route=\/wp\/v2\/pages\/679\/revisions"}],"predecessor-version":[{"id":1357,"href":"https:\/\/sterngasthaus.at\/index.php?rest_route=\/wp\/v2\/pages\/679\/revisions\/1357"}],"wp:attachment":[{"href":"https:\/\/sterngasthaus.at\/index.php?rest_route=%2Fwp%2Fv2%2Fmedia&parent=679"}],"curies":[{"name":"wp","href":"https:\/\/api.w.org\/{rel}","templated":true}]}}